{"id":13609,"date":"2022-05-04T18:48:39","date_gmt":"2022-05-04T15:48:39","guid":{"rendered":"https:\/\/www.kocaklogistics.com\/?page_id=13609"},"modified":"2025-08-15T11:45:53","modified_gmt":"2025-08-15T08:45:53","slug":"iletisim","status":"publish","type":"page","link":"https:\/\/www.kocaklogistics.com\/tr\/iletisim\/","title":{"rendered":"ileti\u015fim"},"content":{"rendered":"[vc_section full_width=&#8221;stretch_row&#8221; full_height=&#8221;yes&#8221; content_placement=&#8221;middle&#8221; video_bg=&#8221;yes&#8221; pix_bg_grdient=&#8221;bg-gradient-dark&#8221; pix_over_visibility=&#8221;&#8221; bottom_divider_select=&#8221;10&#8243; responsive_css=&#8221;{&#8220;pix_res_sm_pt&#8220;:&#8220;60&#8220;,&#8220;pix_res_md_pt&#8220;:&#8220;60&#8220;}&#8221;][vc_row full_width=&#8221;stretch_row&#8221; pix_particles_check=&#8221;&#8221;][vc_column]<div  class=\"pix-heading-el text-center \"><div><div class=\"slide-in-container\"><h1 class=\"text-white font-weight-bold heading-text el-title_custom_color mb-12\" style=\"\" data-anim-type=\"\" data-anim-delay=\"0\">Ko\u00e7ak Lojistik \u0130leti\u015fim<\/h1><\/div><\/div><\/div>[\/vc_column][\/vc_row][\/vc_section][vc_section full_width=&#8221;stretch_row&#8221; content_placement=&#8221;middle&#8221; pix_over_visibility=&#8221;&#8221; top_divider_select=&#8221;8&#8243; top_layers=&#8221;1&#8243; responsive_css=&#8221;{&#8220;pix_res_sm_pt&#8220;:&#8220;20&#8220;,&#8220;pix_res_sm_pb&#8220;:&#8220;20&#8220;,&#8220;pix_res_md_pt&#8220;:&#8220;40&#8220;,&#8220;pix_res_md_pb&#8220;:&#8220;40&#8220;}&#8221; css=&#8221;.vc_custom_1651770080672{padding-top: 40px !important;padding-bottom: 80px !important;background-color: #ffffff !important;border-radius: 20px !important;}&#8221; el_id=&#8221;pix_section_about&#8221; section_name=&#8221;About&#8221;][vc_row content_placement=&#8221;middle&#8221; pix_particles_check=&#8221;&#8221;][vc_column width=&#8221;1\/2&#8243;][vc_column_text]<div data-uniq='69ee3884949ed' class='uniq-69ee3884949ed formcraft-css form-live align-center'><script> window.formcraftLogic = window.formcraftLogic || {}; window.formcraftLogic[1] = []; <\/script><div class=\"fc-pagination-cover fc-pagination-1\">\n\t\t\t\t<div class=\"fc-pagination width-100\">\n\t\t\t\t\t<!-- ngRepeat: page in Builder.FormElements track by $index --><div class=\"pagination-trigger \" data-index=\"0\">\n\t\t\t\t\t\t<span class=\"page-number\"><span >1<\/span><\/span>\n\t\t\t\t\t\t<span class=\"page-name \">Step 1<\/span>\n\t\t\t\t\t\t\n\t\t\t\t\t<\/div><!-- end ngRepeat: page in Builder.FormElements track by $index -->\n\t\t\t\t<\/div>\n\t\t\t<\/div>\n\t\t\t\n\t\t\t<style scoped=\"scoped\" >\n\t\t\t@media (max-width : 480px) {\n\t\t\t\t.fc_modal-dialog-1 .fc-pagination-cover .fc-pagination\n\t\t\t\t{\n\t\t\t\t\tbackground-color: url(https:\/\/www.bodrumtransfer.vip\/wp-content\/plugins\/formcraft3\/views\/..\/assets\/images\/backgrounds\/grey-noise.png) !important;\n\t\t\t\t}\n\t\t\t}\n\t\t\t\t\t\t.formcraft-css .fc-form.fc-form-1 .form-element .submit-cover .submit-button,\n\t\t\t.formcraft-css .fc-form.fc-form-1 .form-element .fileupload-cover .button-file,\n\t\t\t.formcraft-css .fc-form.fc-form-1 .form-element .field-cover .button,\n\t\t\t.formcraft-datepicker .ui-datepicker-header,\n\t\t\t.formcraft-datepicker .ui-datepicker-title\n\t\t\t{\n\t\t\t\tbackground: #637bb3;\n\t\t\t\tcolor: #fff;\n\t\t\t}\n\t\t\t.formcraft-datepicker td .ui-state-active,\n\t\t\t.formcraft-datepicker td .ui-state-hover,\n\t\t\t.formcraft-css .fc-form.fc-form-1 .form-element .slider-cover .ui-slider-range\n\t\t\t{\n\t\t\t\tbackground: #637bb3;\n\t\t\t}\n\t\t\t#ui-datepicker-div.formcraft-datepicker .ui-datepicker-header,\n\t\t\t.formcraft-css .fc-form .field-cover>div.full hr\n\t\t\t{\n\t\t\t\tborder-color: #576c9d;\n\t\t\t}\n\t\t\t#ui-datepicker-div.formcraft-datepicker .ui-datepicker-prev:hover,\n\t\t\t#ui-datepicker-div.formcraft-datepicker .ui-datepicker-next:hover,\n\t\t\t#ui-datepicker-div.formcraft-datepicker select.ui-datepicker-month:hover,\n\t\t\t#ui-datepicker-div.formcraft-datepicker select.ui-datepicker-year:hover\n\t\t\t{\n\t\t\t\tbackground-color: #576c9d;\n\t\t\t}\n\t\t\t.formcraft-css .fc-pagination>div.active .page-number,\n\t\t\t.formcraft-css .form-cover-builder .fc-pagination>div:first-child .page-number\n\t\t\t{\n\t\t\t\tbackground-color: #637bb3;\n\t\t\t\tcolor: #fff;\n\t\t\t}\n\t\t\t#ui-datepicker-div.formcraft-datepicker table.ui-datepicker-calendar th,\n\t\t\t#ui-datepicker-div.formcraft-datepicker table.ui-datepicker-calendar td.ui-datepicker-today a,\n\t\t\t.formcraft-css .fc-form.fc-form-1 .form-element .star-cover label,\n\t\t\thtml .formcraft-css .fc-form.label-floating .form-element .field-cover.has-focus>span,\n\t\t\t.formcraft-css .fc-form.fc-form-1 .form-element .customText-cover a,\n\t\t\t.formcraft-css .prev-next>div span:hover\n\t\t\t{\n\t\t\t\tcolor: #637bb3;\n\t\t\t}\n\t\t\t.formcraft-css .fc-form.fc-form-1 .form-element .customText-cover a:hover\n\t\t\t{\n\t\t\t\tcolor: #576c9d;\n\t\t\t}\n\t\t\thtml .formcraft-css .fc-form.fc-form-1.label-floating .form-element .field-cover > span\n\t\t\t{\n\t\t\t\tcolor: #666666;\n\t\t\t}\n\t\t\thtml .formcraft-css .fc-form .final-success .final-success-check {\n\t\t\t\tborder: 2px solid #666666;\n\t\t\t}\n\t\t\t.formcraft-css .fc-form.fc-form-1 .form-element .field-cover input[type=\"text\"],\n\t\t\t.formcraft-css .fc-form.fc-form-1 .form-element .field-cover input[type=\"email\"],\n\t\t\t.formcraft-css .fc-form.fc-form-1 .form-element .field-cover input[type=\"password\"],\n\t\t\t.formcraft-css .fc-form.fc-form-1 .form-element .field-cover input[type=\"tel\"],\n\t\t\t.formcraft-css .fc-form.fc-form-1 .form-element .field-cover textarea,\n\t\t\t.formcraft-css .fc-form.fc-form-1 .form-element .field-cover select,\n\t\t\t.formcraft-css .fc-form.fc-form-1 .form-element .field-cover .time-fields-cover,\n\t\t\t.formcraft-css .fc-form.fc-form-1 .form-element .field-cover .awesomplete ul\n\t\t\t{\n\t\t\t\tcolor: #777777;\n\t\t\t}\n\t\t\t.formcraft-css .fc-form.fc-form-1 .form-element .field-cover input[type=\"text\"],\n\t\t\t.formcraft-css .fc-form.fc-form-1 .form-element .field-cover input[type=\"password\"],\n\t\t\t.formcraft-css .fc-form.fc-form-1 .form-element .field-cover input[type=\"email\"],\n\t\t\t.formcraft-css .fc-form.fc-form-1 .form-element .field-cover input[type=\"radio\"],\n\t\t\t.formcraft-css .fc-form.fc-form-1 .form-element .field-cover input[type=\"checkbox\"],\n\t\t\t.formcraft-css .fc-form.fc-form-1 .form-element .field-cover input[type=\"tel\"],\n\t\t\t.formcraft-css .fc-form.fc-form-1 .form-element .field-cover select,\n\t\t\t.formcraft-css .fc-form.fc-form-1 .form-element .field-cover textarea\n\t\t\t{\n\t\t\t\tbackground-color: #fafafa;\n\t\t\t}\n\t\t\t.formcraft-css .fc-form.fc-form-1 .form-element .field-cover input[type=\"radio\"]:checked,\n\t\t\t.formcraft-css .fc-form.fc-form-1 .form-element .field-cover input[type=\"checkbox\"]:checked {\n\t\t\t\tborder-color: #576c9d;\n\t\t\t\tbackground: #637bb3;\t\t\t\t\n\t\t\t}\n\t\t\t.formcraft-css .fc-form.fc-form-1 .form-element .star-cover label .star\n\t\t\t{\n\t\t\t\ttext-shadow: 0px 1px 0px #576c9d;\n\t\t\t}\n\t\t\t.formcraft-css .fc-form.fc-form-1 .form-element .slider-cover .ui-slider-range\n\t\t\t{\n\t\t\t\tbox-shadow: 0px 1px 1px #576c9d inset;\n\t\t\t}\n\t\t\t.formcraft-css .fc-form.fc-form-1 .form-element .fileupload-cover .button-file\n\t\t\t{\n\t\t\t\tborder-color: #576c9d;\n\t\t\t}\n\t\t\t.formcraft-css .fc-form.fc-form-1 .form-element .form-element-html input[type=\"password\"]:focus,\n\t\t\t.formcraft-css .fc-form.fc-form-1 .form-element .form-element-html input[type=\"email\"]:focus,\n\t\t\t.formcraft-css .fc-form.fc-form-1 .form-element .form-element-html input[type=\"tel\"]:focus,\n\t\t\t.formcraft-css .fc-form.fc-form-1 .form-element .form-element-html input[type=\"text\"]:focus,\n\t\t\t.formcraft-css .fc-form.fc-form-1 .form-element .form-element-html textarea:focus,\n\t\t\t.formcraft-css .fc-form.fc-form-1 .form-element .form-element-html select:focus\n\t\t\t{\n\t\t\t\tborder-color: #637bb3;\n\t\t\t}\n\t\t\t.formcraft-css .fc-form.fc-form-1 .form-element .form-element-html .field-cover .is-read-only:focus {\n\t\t\t\tborder-color: #ccc;\n\t\t\t}\n\t\t\t.formcraft-css .fc-form.fc-form-1\t\t\t{\n\t\t\t\tfont-family: inherit;\n\t\t\t}\n\t\t\t@media (max-width : 480px) {\n\t\t\t\thtml .dedicated-page,\n\t\t\t\thtml .dedicated-page .formcraft-css .fc-pagination > div.active\n\t\t\t\t{\n\t\t\t\t\tbackground: url(https:\/\/www.bodrumtransfer.vip\/wp-content\/plugins\/formcraft3\/views\/..\/assets\/images\/backgrounds\/grey-noise.png);\n\t\t\t\t}\n\t\t\t}\n\t\t<\/style>\n\t\t<div class=\"form-cover\">\n\t\t\t<form data-auto-scroll=\"\" data-no-message-redirect=\"\" data-thousand=\"\" data-decimal=\".\" data-delay=\"\" data-id=\"1\" class=\"fc-form fc-form-1 align- fc-temp-class save-form- dont-submit-hidden- remove-asterisk- icons-hide- disable-enter- label-placeholder field-border-visible frame-visible field-alignment-left\" style=\"width: 700px; color: #666666; font-size: 100%; background: url(https:\/\/www.bodrumtransfer.vip\/wp-content\/plugins\/formcraft3\/views\/..\/assets\/images\/backgrounds\/grey-noise.png)\">\n\t\t\t\t<!-- ngRepeat: page in Builder.FormElements track by $index --><div class=\"form-page form-page-0\" data-index=\"0\">\n\t\t\t\t\t\n\t\t\t\t\t<div class=\"form-page-content      ng-not-empty\">\n\t\t\t\t\t\t<div data-identifier=\"field2\" data-index=\"0\" style=\"width: 100%\" class=\" form-element form-element-field2 options-false form-element-0 default-false form-element-type-oneLineText is-required-true odd -handle\">\n\t\t\t\t\t\t\t<div class=\"form-element-html\"><div ><label class=\"oneLineText-cover field-cover  \"><span class=\"sub-label-false\"><span class=\"main-label\"><span >Ad\u0131n\u0131z &amp; Soyad\u0131n\u0131z<\/span><\/span><span class=\"sub-label\"><\/span><\/span><div><span class=\"error\"><\/span><input type=\"text\" placeholder=\"Ad\u0131n\u0131z &amp; Soyad\u0131n\u0131z\" make-read-only=\"\" data-field-id=\"field2\" name=\"field2[]\" data-min-char=\"3\" data-max-char=\"50\" data-val-type=\"\" data-regexp=\"\" data-is-required=\"true\" data-allow-spaces=\"\" class=\"validation-lenient\" data-placement=\"right\" data-toggle=\"tooltip\" tooltip=\"\" data-trigger=\"focus\" data-html=\"true\" data-input-mask=\"\" data-mask-placeholder=\"\" data-original-title=\"\"><i class=\"formcraft-icon formcraft-icon-type-no-icon\">no-icon<\/i><\/div><\/label><\/div><\/div>\n\t\t\t\t\t\t\t\n\t\t\t\t\t\t<\/div><div data-identifier=\"field15\" data-index=\"1\" style=\"width: 100%\" class=\" even form-element form-element-field15 options-false form-element-1 default-false form-element-type-email is-required-true -handle\">\n\t\t\t\t\t\t\t<div class=\"form-element-html\"><div ><label class=\"email-cover field-cover  \"><span class=\"sub-label-true\"><span class=\"main-label\"><span >Email<\/span><\/span><span class=\"sub-label\"><span >a valid email<\/span><\/span><\/span><div><span class=\"error\"><\/span><input placeholder=\"Email\" data-field-id=\"field15\" type=\"text\" data-val-type=\"email\" make-read-only=\"\" data-is-required=\"true\" name=\"field15\" class=\"validation-lenient\" data-placement=\"right\" data-toggle=\"tooltip\" tooltip=\"\" data-trigger=\"focus\" data-html=\"true\" data-original-title=\"\"><i class=\"formcraft-icon\">email<\/i><\/div><\/label><\/div><\/div>\n\t\t\t\t\t\t\t\n\t\t\t\t\t\t<\/div><div data-identifier=\"field16\" data-index=\"2\" style=\"width: 100%\" class=\" form-element form-element-field16 options-false form-element-2 default-false form-element-type-oneLineText is-required-true odd -handle\">\n\t\t\t\t\t\t\t<div class=\"form-element-html\"><div ><label class=\"oneLineText-cover field-cover  \"><span class=\"sub-label-false\"><span class=\"main-label\"><span >Konu<\/span><\/span><span class=\"sub-label\"><\/span><\/span><div><span class=\"error\"><\/span><input type=\"text\" placeholder=\"Konu\" make-read-only=\"false\" data-field-id=\"field16\" name=\"field16[]\" data-min-char=\"\" data-max-char=\"50\" data-val-type=\"\" data-regexp=\"\" data-is-required=\"true\" data-allow-spaces=\"\" class=\"validation-lenient\" data-placement=\"right\" data-toggle=\"tooltip\" tooltip=\"\" data-trigger=\"focus\" data-html=\"true\" data-input-mask=\"\" data-mask-placeholder=\"\" data-original-title=\"\"><i class=\"formcraft-icon formcraft-icon-type-\"><\/i><\/div><\/label><\/div><\/div>\n\t\t\t\t\t\t\t\n\t\t\t\t\t\t<\/div><div data-identifier=\"field17\" data-index=\"3\" style=\"width: 100%\" class=\" even form-element form-element-field17 options-false form-element-3 default-false form-element-type-textarea is-required-true -handle\">\n\t\t\t\t\t\t\t<div class=\"form-element-html\"><div ><label class=\"textarea-cover field-cover  \"><span class=\"sub-label-false\"><span class=\"main-label\"><span >Mesaj\u0131n\u0131z<\/span><\/span><span class=\"sub-label\"><\/span><\/span><div><span class=\"error\"><\/span><textarea data-field-id=\"field17\" placeholder=\"Mesaj\u0131n\u0131z\" class=\"validation-lenient\" name=\"field17\" value=\"\" rows=\"5\" data-min-char=\"20\" data-max-char=\"500\" data-is-required=\"true\" data-placement=\"right\" data-toggle=\"tooltip\" tooltip=\"\" data-trigger=\"focus\" data-html=\"true\" data-original-title=\"\" style=\"min-height: 127.817px\"><\/textarea><div class=\"count-true\"><span class=\"current-count\">0<\/span> \/ <span class=\"max-count \">500<\/span><\/div><\/div><\/label><\/div><\/div>\n\t\t\t\t\t\t\t\n\t\t\t\t\t\t<\/div><div data-identifier=\"field10\" data-index=\"4\" style=\"width: 100%\" class=\" form-element form-element-field10 options-false form-element-4 default-false form-element-type-submit is-required-false odd -handle\">\n\t\t\t\t\t\t\t<div class=\"form-element-html\"><div ><div class=\"align-right wide-true submit-cover field-cover\"><button type=\"submit\" class=\"button submit-button\"><span class=\"text \">G\u00f6nder<\/span><span class=\"spin-cover\"><i style=\"color:\" class=\"loading-icon icon-cog animate-spin\"><\/i><\/span><\/button><\/div><div class=\"submit-response \"><\/div><label ><input type=\"text\" class=\"required_field\" name=\"website\" autocomplete=\"maple-syrup-pot\"><\/label><\/div><\/div>\n\t\t\t\t\t\t\t\n\t\t\t\t\t\t<\/div>\n\t\t\t\t\t<\/div>\n\t\t\t\t<\/div><!-- end ngRepeat: page in Builder.FormElements track by $index -->\n\t\t\t<\/form>\n\t\t\t<div class=\"prev-next prev-next-1\" style=\"width: 700px; color: #666666; font-size: 100%; background: url(https:\/\/www.bodrumtransfer.vip\/wp-content\/plugins\/formcraft3\/views\/..\/assets\/images\/backgrounds\/grey-noise.png)\">\n\t\t\t\t<div>\n\t\t\t\t\t\n\t\t\t\t\t<span class=\"inactive page-prev \"><i class=\"formcraft-icon\">keyboard_arrow_left<\/i>Previous<\/span><\/div>\n\t\t\t\t<div>\n\t\t\t\t\t\n\t\t\t\t\t<span class=\"page-next \">Next<i class=\"formcraft-icon\">keyboard_arrow_right<\/i><\/span><\/div>\n\t\t\t<\/div>\n\t\t<\/div><\/div>[\/vc_column_text][\/vc_column][vc_column width=&#8221;1\/2&#8243; responsive_css=&#8221;{&#8220;pix_res_sm_pt&#8220;:&#8220;30&#8220;,&#8220;pix_res_md_pt&#8220;:&#8220;30&#8220;}&#8221;][vc_column_text]\r\n<div class=\"contact-right-col\">\r\n<div class=\"contact-info-wrap\">\r\n<div class=\"contact-type-wrap phone clearfix\">\r\n<div class=\"contact-type-left\"><strong>Telefon<\/strong><\/div>\r\n<div class=\"contact-type-right\">+90 (322) 363 10 94\r\n+90 (216) 223 03 03\r\n+90 (532) 235 69 93<\/div>\r\n<\/div>\r\n<div class=\"contact-type-wrap fax clearfix\">\r\n<div class=\"contact-type-left\">\r\n\r\n<strong>Faks<\/strong>\r\n\r\n<\/div>\r\n<div class=\"contact-type-right\">0 (322) 363 07 26<\/div>\r\n<\/div>\r\n<div class=\"contact-type-wrap email clearfix\">\r\n<div class=\"contact-type-left\">\r\n\r\n<strong>E-Posta<\/strong>\r\n\r\n<\/div>\r\n<div class=\"contact-type-right\">mustafa.kocak@kocaklogistics.com\r\nist@kocaklogistics.com<\/div>\r\n<\/div>\r\n<\/div>\r\n<div class=\"contact-type-wrap address clearfix\">\r\n<div class=\"clearfix\">\r\n<div class=\"contact-type-left\">\r\n\r\n<strong>Adres<\/strong>\r\n\r\n<\/div>\r\n<div class=\"contact-type-right\"><strong>\u0130STANBUL :<\/strong> Ayd\u0131n Sitesi G1 Blok Kat: 2 No: 5 Levaz\u0131m Mah. Zorlu center Levaz\u0131m \u00e7\u0131k\u0131\u015f\u0131 kar\u015f\u0131s\u0131 Be\u015fikta\u015f \u0130stanbul\r\n<strong>ADANA :<\/strong>Re\u015fatbey Mah. Cumhuriyet Cad. Kadribey Apt. No: 41 \u0130\u00e7 Kap\u0131 No: 10 ADANA\r\n<strong>\u00c7in :<\/strong>No.349 East Education Rd, Yulin City, GuangXi, CHINA 537000\r\nTEL: +86 186 7756 3279\r\n<strong>L\u00dcBNAN :<\/strong>4C&#8217;S LOGISTICS SAL ABI KARAM CENTER 4th floor General street Furn El Chebak PO Box: 15-5250 BEIRUT- Lebanon\r\n+961 1 292066\/7\/8 Fax: +961 1 292065<\/div>\r\n<\/div>\r\n<\/div>\r\n<\/div>\r\n[\/vc_column_text][\/vc_column][\/vc_row][\/vc_section]","protected":false},"excerpt":{"rendered":"[vc_section full_width=&#8221;stretch_row&#8221; full_height=&#8221;yes&#8221; content_placement=&#8221;middle&#8221; video_bg=&#8221;yes&#8221; pix_bg_grdient=&#8221;bg-gradient-dark&#8221; pix_over_visibility=&#8221;&#8221; bottom_divider_select=&#8221;10&#8243; responsive_css=&#8221;{&#8220;pix_res_sm_pt&#8220;:&#8220;60&#8220;,&#8220;pix_res_md_pt&#8220;:&#8220;60&#8220;}&#8221;][vc_row full_width=&#8221;stretch_row&#8221; pix_particles_check=&#8221;&#8221;][vc_column][\/vc_column][\/vc_row][\/vc_section][vc_section full_width=&#8221;stretch_row&#8221; content_placement=&#8221;middle&#8221; pix_over_visibility=&#8221;&#8221; top_divider_select=&#8221;8&#8243; top_layers=&#8221;1&#8243; responsive_css=&#8221;{&#8220;pix_res_sm_pt&#8220;:&#8220;20&#8220;,&#8220;pix_res_sm_pb&#8220;:&#8220;20&#8220;,&#8220;pix_res_md_pt&#8220;:&#8220;40&#8220;,&#8220;pix_res_md_pb&#8220;:&#8220;40&#8220;}&#8221; css=&#8221;.vc_custom_1651770080672{padding-top: 40px !important;padding-bottom: 80px !important;background-color: #ffffff !important;border-radius: 20px !important;}&#8221; el_id=&#8221;pix_section_about&#8221; section_name=&#8221;About&#8221;][vc_row content_placement=&#8221;middle&#8221; pix_particles_check=&#8221;&#8221;][vc_column width=&#8221;1\/2&#8243;][vc_column_text][\/vc_column_text][\/vc_column][vc_column width=&#8221;1\/2&#8243; responsive_css=&#8221;{&#8220;pix_res_sm_pt&#8220;:&#8220;30&#8220;,&#8220;pix_res_md_pt&#8220;:&#8220;30&#8220;}&#8221;][vc_column_text] Telefon +90 (322) 363 10 94 +90&#8230;","protected":false},"author":1,"featured_media":0,"parent":0,"menu_order":0,"comment_status":"closed","ping_status":"closed","template":"","meta":{"footnotes":""},"class_list":["post-13609","page","type-page","status-publish","hentry"],"_links":{"self":[{"href":"https:\/\/www.kocaklogistics.com\/tr\/wp-json\/wp\/v2\/pages\/13609","targetHints":{"allow":["GET"]}}],"collection":[{"href":"https:\/\/www.kocaklogistics.com\/tr\/wp-json\/wp\/v2\/pages"}],"about":[{"href":"https:\/\/www.kocaklogistics.com\/tr\/wp-json\/wp\/v2\/types\/page"}],"author":[{"embeddable":true,"href":"https:\/\/www.kocaklogistics.com\/tr\/wp-json\/wp\/v2\/users\/1"}],"replies":[{"embeddable":true,"href":"https:\/\/www.kocaklogistics.com\/tr\/wp-json\/wp\/v2\/comments?post=13609"}],"version-history":[{"count":15,"href":"https:\/\/www.kocaklogistics.com\/tr\/wp-json\/wp\/v2\/pages\/13609\/revisions"}],"predecessor-version":[{"id":14165,"href":"https:\/\/www.kocaklogistics.com\/tr\/wp-json\/wp\/v2\/pages\/13609\/revisions\/14165"}],"wp:attachment":[{"href":"https:\/\/www.kocaklogistics.com\/tr\/wp-json\/wp\/v2\/media?parent=13609"}],"curies":[{"name":"wp","href":"https:\/\/api.w.org\/{rel}","templated":true}]}}