{"id":13820,"date":"2022-05-18T19:26:43","date_gmt":"2022-05-18T16:26:43","guid":{"rendered":"https:\/\/www.kocaklogistics.com\/?page_id=13820"},"modified":"2022-05-23T11:39:26","modified_gmt":"2022-05-23T08:39:26","slug":"hizmetlerimiz","status":"publish","type":"page","link":"https:\/\/www.kocaklogistics.com\/tr\/hizmetlerimiz\/","title":{"rendered":"Hizmetlerimiz"},"content":{"rendered":"[vc_section full_width=&#8221;stretch_row&#8221; pix_bg_grdient=&#8221;bg-gradient-dark&#8221; fade_in_opacity=&#8221;pix-opacity-3&#8243; pix_over_visibility=&#8221;&#8221; bottom_divider_select=&#8221;dynamic&#8221; bottom_moving_divider_color=&#8221;%5B%7B%22d_color_1%22%3A%22rgba(255%2C255%2C255%2C0.25)%22%2C%22d_color_2%22%3A%22%23f8f9fa%22%7D%2C%7B%22d_color_1%22%3A%22rgba(255%2C255%2C255%2C0.5)%22%2C%22d_color_2%22%3A%22%23f8f9fa%22%7D%2C%7B%22d_color_1%22%3A%22%23ffffff%22%2C%22d_color_2%22%3A%22%23f8f9fa%22%7D%5D&#8221; css=&#8221;.vc_custom_1652902057056{padding-top: 180px !important;padding-bottom: 180px !important;}&#8221; fade_in_intro=&#8221;13915&#8243;][vc_row full_width=&#8221;stretch_row&#8221; pix_particles_check=&#8221;&#8221;][vc_column content_align=&#8221;text-center&#8221;]<div id=\"el1652891167316-7d4b87f9-31b7\" class=\"mb-3 text-center \"><h3 class=\"mb-32 pix-sliding-headline font-weight-bold secondary-font\" data-class=\"secondary-font text-white\" data-style=\"\">Hizmetlerimiz<\/h3><\/div>[\/vc_column][\/vc_row][\/vc_section][vc_section full_width=&#8221;stretch_row&#8221; pix_over_visibility=&#8221;&#8221; css=&#8221;.vc_custom_1592311464490{padding-top: 80px !important;padding-bottom: 80px !important;background-color: #f8f9fa !important;}&#8221;][vc_row pix_particles_check=&#8221;&#8221;][vc_column]<div class=\"pix-element-div w-100 text-left\"><h6 class=\"pix-badge-element d-inline-block mr-1 animate-in\" data-anim-type=\"fade-in-up\" data-anim-delay=\"0\"><span class=\"badge font-weight-bold bg-primary  vc_custom_1652891446860  \" style=\" \"><span class=\"text-white\" style=\"\">Ko\u00e7ak Lojistik<\/span><\/span><\/h6><\/div><div id=\"el1652891339289-7a92a0a1-86e6\" class=\"mb-3 text-left  vc_custom_1653295137238\"><h3 class=\"mb-32 pix-sliding-headline font-weight-bold secondary-font\" data-class=\"secondary-font text-heading-default\" data-style=\"\">Kaliteli, h\u0131zl\u0131 ve g\u00fcvenilir hizmetler sunuyoruz<\/h3><\/div>[\/vc_column][\/vc_row][vc_row content_placement=&#8221;middle&#8221; pix_particles_check=&#8221;&#8221; css=&#8221;.vc_custom_1591147247729{padding-top: 40px !important;}&#8221;][vc_column width=&#8221;1\/2&#8243;]<div class=\"card pix-content-box pix-card-element bg-white2 rounded-xl   vc_custom_1653295149919  rounded-xl  overflow-hidden shadow shadow-hover scale-sm \" ><img decoding=\"async\"   srcset=\"https:\/\/www.kocaklogistics.com\/wp-content\/uploads\/2022\/05\/havayolu-tasimaciligi-300x171.jpg 300w, https:\/\/www.kocaklogistics.com\/wp-content\/uploads\/2022\/05\/havayolu-tasimaciligi.jpg 700w\" src=\"https:\/\/www.kocaklogistics.com\/wp-content\/uploads\/2022\/05\/havayolu-tasimaciligi.jpg\" alt=\"Hava Yolu Ta\u015f\u0131mac\u0131l\u0131\u011f\u0131\"><div class=\"card-body py-3\"><h5 style=\"\" class=\"card-title font-weight-bold text-heading-default\">Hava Yolu Ta\u015f\u0131mac\u0131l\u0131\u011f\u0131<\/h5><p class=\"card-text text-body-default \"><\/p><\/div><div class=\"card-footer text-right\"><a  href=\"\" class=\"d-flex align-items-center justify-content-end font-weight-bold text-body-default text-sm\"><span class=\"d-inline-block\"><\/span><i class=\"pixicon-angle-right ml-2\"><\/i><\/a><\/div><\/div>[\/vc_column][vc_column width=&#8221;1\/2&#8243;]<div class=\"card pix-content-box pix-card-element bg-white2 rounded-xl   vc_custom_1653295154583  rounded-xl  overflow-hidden shadow shadow-hover scale-sm \" ><img decoding=\"async\"   srcset=\"https:\/\/www.kocaklogistics.com\/wp-content\/uploads\/2022\/05\/karayolu-tasimaciligi-300x171.jpg 300w, https:\/\/www.kocaklogistics.com\/wp-content\/uploads\/2022\/05\/karayolu-tasimaciligi.jpg 700w\" src=\"https:\/\/www.kocaklogistics.com\/wp-content\/uploads\/2022\/05\/karayolu-tasimaciligi.jpg\" alt=\"Kara Yolu Ta\u015f\u0131mac\u0131l\u0131\u011f\u0131\"><div class=\"card-body py-3\"><h5 style=\"\" class=\"card-title font-weight-bold text-heading-default\">Kara Yolu Ta\u015f\u0131mac\u0131l\u0131\u011f\u0131<\/h5><p class=\"card-text text-body-default \"><\/p><\/div><div class=\"card-footer text-right\"><a  href=\"\" class=\"d-flex align-items-center justify-content-end font-weight-bold text-body-default text-sm\"><span class=\"d-inline-block\"><\/span><i class=\"pixicon-angle-right ml-2\"><\/i><\/a><\/div><\/div>[\/vc_column][\/vc_row][vc_row content_placement=&#8221;middle&#8221; pix_particles_check=&#8221;&#8221; css=&#8221;.vc_custom_1591147247729{padding-top: 40px !important;}&#8221;][vc_column width=&#8221;1\/2&#8243;]<div class=\"card pix-content-box pix-card-element bg-white2 rounded-xl   vc_custom_1653295159424  rounded-xl  overflow-hidden shadow shadow-hover scale-sm \" ><img decoding=\"async\"   srcset=\"https:\/\/www.kocaklogistics.com\/wp-content\/uploads\/2022\/05\/deniz-tasimaciligi-300x171.jpg 300w, https:\/\/www.kocaklogistics.com\/wp-content\/uploads\/2022\/05\/deniz-tasimaciligi.jpg 700w\" src=\"https:\/\/www.kocaklogistics.com\/wp-content\/uploads\/2022\/05\/deniz-tasimaciligi.jpg\" alt=\"Deniz Yolu Ta\u015f\u0131mac\u0131l\u0131\u011f\u0131\"><div class=\"card-body py-3\"><h5 style=\"\" class=\"card-title font-weight-bold text-heading-default\">Deniz Yolu Ta\u015f\u0131mac\u0131l\u0131\u011f\u0131<\/h5><p class=\"card-text text-body-default \"><\/p><\/div><div class=\"card-footer text-right\"><a  href=\"\" class=\"d-flex align-items-center justify-content-end font-weight-bold text-body-default text-sm\"><span class=\"d-inline-block\"><\/span><i class=\"pixicon-angle-right ml-2\"><\/i><\/a><\/div><\/div>[\/vc_column][vc_column width=&#8221;1\/2&#8243;]<div class=\"card pix-content-box pix-card-element bg-white2 rounded-xl   vc_custom_1653295164786  rounded-xl  overflow-hidden shadow shadow-hover scale-sm \" ><img decoding=\"async\"   srcset=\"https:\/\/www.kocaklogistics.com\/wp-content\/uploads\/2022\/05\/proje-tasimaciligi-300x171.jpg 300w, https:\/\/www.kocaklogistics.com\/wp-content\/uploads\/2022\/05\/proje-tasimaciligi.jpg 700w\" src=\"https:\/\/www.kocaklogistics.com\/wp-content\/uploads\/2022\/05\/proje-tasimaciligi.jpg\" alt=\"Proje Ta\u015f\u0131mac\u0131l\u0131\u011f\u0131\"><div class=\"card-body py-3\"><h5 style=\"\" class=\"card-title font-weight-bold text-heading-default\">Proje Ta\u015f\u0131mac\u0131l\u0131\u011f\u0131<\/h5><p class=\"card-text text-body-default \"><\/p><\/div><div class=\"card-footer text-right\"><a  href=\"\" class=\"d-flex align-items-center justify-content-end font-weight-bold text-body-default text-sm\"><span class=\"d-inline-block\"><\/span><i class=\"pixicon-angle-right ml-2\"><\/i><\/a><\/div><\/div>[\/vc_column][\/vc_row][\/vc_section]","protected":false},"excerpt":{"rendered":"[vc_section full_width=&#8221;stretch_row&#8221; pix_bg_grdient=&#8221;bg-gradient-dark&#8221; fade_in_opacity=&#8221;pix-opacity-3&#8243; pix_over_visibility=&#8221;&#8221; bottom_divider_select=&#8221;dynamic&#8221; bottom_moving_divider_color=&#8221;%5B%7B%22d_color_1%22%3A%22rgba(255%2C255%2C255%2C0.25)%22%2C%22d_color_2%22%3A%22%23f8f9fa%22%7D%2C%7B%22d_color_1%22%3A%22rgba(255%2C255%2C255%2C0.5)%22%2C%22d_color_2%22%3A%22%23f8f9fa%22%7D%2C%7B%22d_color_1%22%3A%22%23ffffff%22%2C%22d_color_2%22%3A%22%23f8f9fa%22%7D%5D&#8221; css=&#8221;.vc_custom_1652902057056{padding-top: 180px !important;padding-bottom: 180px !important;}&#8221; fade_in_intro=&#8221;13915&#8243;][vc_row full_width=&#8221;stretch_row&#8221; pix_particles_check=&#8221;&#8221;][vc_column content_align=&#8221;text-center&#8221;][\/vc_column][\/vc_row][\/vc_section][vc_section full_width=&#8221;stretch_row&#8221; pix_over_visibility=&#8221;&#8221; css=&#8221;.vc_custom_1592311464490{padding-top: 80px !important;padding-bottom: 80px !important;background-color: #f8f9fa !important;}&#8221;][vc_row pix_particles_check=&#8221;&#8221;][vc_column][\/vc_column][\/vc_row][vc_row content_placement=&#8221;middle&#8221; pix_particles_check=&#8221;&#8221; css=&#8221;.vc_custom_1591147247729{padding-top: 40px !important;}&#8221;][vc_column width=&#8221;1\/2&#8243;][\/vc_column][vc_column width=&#8221;1\/2&#8243;][\/vc_column][\/vc_row][vc_row content_placement=&#8221;middle&#8221; pix_particles_check=&#8221;&#8221; css=&#8221;.vc_custom_1591147247729{padding-top: 40px !important;}&#8221;][vc_column width=&#8221;1\/2&#8243;][\/vc_column][vc_column width=&#8221;1\/2&#8243;][\/vc_column][\/vc_row][\/vc_section]","protected":false},"author":1,"featured_media":0,"parent":0,"menu_order":0,"comment_status":"closed","ping_status":"closed","template":"","meta":{"footnotes":""},"class_list":["post-13820","page","type-page","status-publish","hentry"],"_links":{"self":[{"href":"https:\/\/www.kocaklogistics.com\/tr\/wp-json\/wp\/v2\/pages\/13820","targetHints":{"allow":["GET"]}}],"collection":[{"href":"https:\/\/www.kocaklogistics.com\/tr\/wp-json\/wp\/v2\/pages"}],"about":[{"href":"https:\/\/www.kocaklogistics.com\/tr\/wp-json\/wp\/v2\/types\/page"}],"author":[{"embeddable":true,"href":"https:\/\/www.kocaklogistics.com\/tr\/wp-json\/wp\/v2\/users\/1"}],"replies":[{"embeddable":true,"href":"https:\/\/www.kocaklogistics.com\/tr\/wp-json\/wp\/v2\/comments?post=13820"}],"version-history":[{"count":19,"href":"https:\/\/www.kocaklogistics.com\/tr\/wp-json\/wp\/v2\/pages\/13820\/revisions"}],"predecessor-version":[{"id":14071,"href":"https:\/\/www.kocaklogistics.com\/tr\/wp-json\/wp\/v2\/pages\/13820\/revisions\/14071"}],"wp:attachment":[{"href":"https:\/\/www.kocaklogistics.com\/tr\/wp-json\/wp\/v2\/media?parent=13820"}],"curies":[{"name":"wp","href":"https:\/\/api.w.org\/{rel}","templated":true}]}}