{"id":13843,"date":"2022-05-18T20:33:55","date_gmt":"2022-05-18T17:33:55","guid":{"rendered":"https:\/\/www.kocaklogistics.com\/?page_id=13843"},"modified":"2022-05-23T21:59:40","modified_gmt":"2022-05-23T18:59:40","slug":"referanslarimiz","status":"publish","type":"page","link":"https:\/\/www.kocaklogistics.com\/tr\/referanslarimiz\/","title":{"rendered":"Referanslar\u0131m\u0131z"},"content":{"rendered":"[vc_section full_width=&#8221;stretch_row&#8221; pix_bg_grdient=&#8221;bg-gradient-dark&#8221; fade_in_opacity=&#8221;pix-opacity-4&#8243; pix_over_visibility=&#8221;&#8221; bottom_divider_select=&#8221;dynamic&#8221; bottom_moving_divider_color=&#8221;%5B%7B%22d_color_1%22%3A%22rgba(255%2C255%2C255%2C0.25)%22%2C%22d_color_2%22%3A%22%23f8f9fa%22%7D%2C%7B%22d_color_1%22%3A%22rgba(255%2C255%2C255%2C0.5)%22%2C%22d_color_2%22%3A%22%23f8f9fa%22%7D%2C%7B%22d_color_1%22%3A%22%23ffffff%22%2C%22d_color_2%22%3A%22%23f8f9fa%22%7D%5D&#8221; css=&#8221;.vc_custom_1652902128679{padding-top: 180px !important;padding-bottom: 180px !important;}&#8221; fade_in_intro=&#8221;13915&#8243;][vc_row full_width=&#8221;stretch_row&#8221; pix_particles_check=&#8221;&#8221;][vc_column content_align=&#8221;text-center&#8221;]<div id=\"el1652895195847-1224e89f-11b3\" class=\"mb-3 text-center \"><h3 class=\"mb-32 pix-sliding-headline font-weight-bold secondary-font\" data-class=\"secondary-font text-white\" data-style=\"\">Referanslar\u0131m\u0131z<\/h3><\/div>[\/vc_column][\/vc_row][\/vc_section][vc_section full_width=&#8221;stretch_row&#8221; pix_over_visibility=&#8221;&#8221; css=&#8221;.vc_custom_1592852566040{padding-top: 80px !important;padding-bottom: 80px !important;background-color: #ffffff !important;}&#8221;][vc_row pix_particles_check=&#8221;&#8221;][vc_column width=&#8221;1\/2&#8243;]<a href=\"#\"  ><div class=\"item-inner pix-img-box  shadow-lg shadow-hover-sm fly-sm text-left w-100 d-inline-block animate-in  vc_custom_1652897099724 w-100 h-1002 bg-heading-default shadow2 pix-hover-item mb-32  rounded-lg position-relative overflow-hidden\"  data-anim-type=\"fade-in-up\" data-anim-delay=\"400\">\n\t\t<img decoding=\"async\" class=\"pix-bg-image pix-img-scale pix-hover-opacity-6\" src=\"https:\/\/www.kocaklogistics.com\/wp-content\/uploads\/2022\/05\/UN-Land-Cruiser.jpg\" alt=\"\">\n\n\t\t<div class=\"pix-img-overlay pix-p-30 w-100\">\n\t\t<div class=\"slide-in-container d-inline-block \"><h2 class=\"font-weight-bold text-white pix-slide-up\" style=\"\">Ko\u00e7ak Lojistik<\/h2><\/div>\n\t\t<div class=\"slide-in-container d-inline-block w-100\"><p class=\"text-light-opacity-7  mb-0 pix-fade-in\" >UN \u2013 Birle\u015fmi\u015f Milletler 200 adet Z\u0131rhl\u0131 ara\u00e7 Y\u00fcklemesi Almanya-Ba\u011fdat<\/p><\/div>\n\t\t<\/div>\n\t\t<\/div><\/a>[\/vc_column][vc_column width=&#8221;1\/2&#8243;]<a href=\"#\"  ><div class=\"item-inner pix-img-box  shadow-lg shadow-hover-lg fly-sm text-left w-100 d-inline-block animate-in  vc_custom_1652897105944 w-100 h-1002 bg-heading-default shadow2 pix-hover-item mb-32  rounded-lg position-relative overflow-hidden\"  data-anim-type=\"fade-in-up\" data-anim-delay=\"400\">\n\t\t<img decoding=\"async\" class=\"pix-bg-image pix-img-scale pix-hover-opacity-6\" src=\"https:\/\/www.kocaklogistics.com\/wp-content\/uploads\/2022\/05\/Cami-Mersin-Dublin-2.jpg\" alt=\"\">\n\n\t\t<div class=\"pix-img-overlay pix-p-30 w-100\">\n\t\t<div class=\"slide-in-container d-inline-block \"><h2 class=\"font-weight-bold text-white pix-slide-up\" style=\"\">Ko\u00e7ak Lojistik<\/h2><\/div>\n\t\t<div class=\"slide-in-container d-inline-block w-100\"><p class=\"text-light-opacity-7  mb-0 pix-fade-in\" >Cami\u015f \u2013 Mersin-Dublin fabrika Y\u00fcklemesi(490 ton)<\/p><\/div>\n\t\t<\/div>\n\t\t<\/div><\/a>[\/vc_column][\/vc_row][vc_row pix_particles_check=&#8221;&#8221;][vc_column width=&#8221;1\/2&#8243;]<a href=\"#\"  ><div class=\"item-inner pix-img-box  shadow-lg shadow-hover-sm fly-sm text-left w-100 d-inline-block animate-in  vc_custom_1652897112031 w-100 h-1002 bg-heading-default shadow2 pix-hover-item mb-32  rounded-lg position-relative overflow-hidden\"  data-anim-type=\"fade-in-up\" data-anim-delay=\"400\">\n\t\t<img decoding=\"async\" class=\"pix-bg-image pix-img-scale pix-hover-opacity-6\" src=\"https:\/\/www.kocaklogistics.com\/wp-content\/uploads\/2022\/05\/imsa1.jpg\" alt=\"\">\n\n\t\t<div class=\"pix-img-overlay pix-p-30 w-100\">\n\t\t<div class=\"slide-in-container d-inline-block \"><h2 class=\"font-weight-bold text-white pix-slide-up\" style=\"\">Ko\u00e7ak Lojistik<\/h2><\/div>\n\t\t<div class=\"slide-in-container d-inline-block w-100\"><p class=\"text-light-opacity-7  mb-0 pix-fade-in\" >\u00c7imsa \u00c7imento \u2013 Almanya-Mersin \u00c7imento Tesisi Y\u00fcklemesi ( 690ton)<\/p><\/div>\n\t\t<\/div>\n\t\t<\/div><\/a>[\/vc_column][vc_column width=&#8221;1\/2&#8243;]<a href=\"#\"  ><div class=\"item-inner pix-img-box  shadow-lg shadow-hover-lg fly-sm text-left w-100 d-inline-block animate-in  vc_custom_1652897144087 w-100 h-1002 bg-heading-default shadow2 pix-hover-item mb-32  rounded-lg position-relative overflow-hidden\"  data-anim-type=\"fade-in-up\" data-anim-delay=\"400\">\n\t\t<img decoding=\"async\" class=\"pix-bg-image pix-img-scale pix-hover-opacity-6\" src=\"https:\/\/www.kocaklogistics.com\/wp-content\/uploads\/2022\/05\/imsa-2.jpg\" alt=\"\">\n\n\t\t<div class=\"pix-img-overlay pix-p-30 w-100\">\n\t\t<div class=\"slide-in-container d-inline-block \"><h2 class=\"font-weight-bold text-white pix-slide-up\" style=\"\">Ko\u00e7ak Lojistik<\/h2><\/div>\n\t\t<div class=\"slide-in-container d-inline-block w-100\"><p class=\"text-light-opacity-7  mb-0 pix-fade-in\" >\u00c7imsa \u00c7imento \u2013 Almanya-Mersin \u00c7imento Tesisi Y\u00fcklemesi ( 690ton)<\/p><\/div>\n\t\t<\/div>\n\t\t<\/div><\/a>[\/vc_column][\/vc_row][vc_row pix_particles_check=&#8221;&#8221;][vc_column width=&#8221;1\/2&#8243;]<a href=\"#\"  ><div class=\"item-inner pix-img-box  shadow-lg shadow-hover-sm fly-sm text-left w-100 d-inline-block animate-in  vc_custom_1652897246955 w-100 h-1002 bg-heading-default shadow2 pix-hover-item mb-32  rounded-lg position-relative overflow-hidden\"  data-anim-type=\"fade-in-up\" data-anim-delay=\"400\">\n\t\t<img decoding=\"async\" class=\"pix-bg-image pix-img-scale pix-hover-opacity-6\" src=\"https:\/\/www.kocaklogistics.com\/wp-content\/uploads\/2022\/05\/imsa-3.jpg\" alt=\"\">\n\n\t\t<div class=\"pix-img-overlay pix-p-30 w-100\">\n\t\t<div class=\"slide-in-container d-inline-block \"><h2 class=\"font-weight-bold text-white pix-slide-up\" style=\"\">Ko\u00e7ak Lojistik<\/h2><\/div>\n\t\t<div class=\"slide-in-container d-inline-block w-100\"><p class=\"text-light-opacity-7  mb-0 pix-fade-in\" >\u00c7imsa \u00c7imento \u2013 Almanya-Eski\u015fehir \u00c7imento Tesisi Y\u00fcklemesi ( 470ton)<\/p><\/div>\n\t\t<\/div>\n\t\t<\/div><\/a>[\/vc_column][vc_column width=&#8221;1\/2&#8243;]<a href=\"#\"  ><div class=\"item-inner pix-img-box  shadow-lg shadow-hover-lg fly-sm text-left w-100 d-inline-block animate-in  vc_custom_1652897287650 w-100 h-1002 bg-heading-default shadow2 pix-hover-item mb-32  rounded-lg position-relative overflow-hidden\"  data-anim-type=\"fade-in-up\" data-anim-delay=\"400\">\n\t\t<img decoding=\"async\" class=\"pix-bg-image pix-img-scale pix-hover-opacity-6\" src=\"https:\/\/www.kocaklogistics.com\/wp-content\/uploads\/2022\/05\/US-Army-Su.jpg\" alt=\"\">\n\n\t\t<div class=\"pix-img-overlay pix-p-30 w-100\">\n\t\t<div class=\"slide-in-container d-inline-block \"><h2 class=\"font-weight-bold text-white pix-slide-up\" style=\"\">Ko\u00e7ak Lojistik<\/h2><\/div>\n\t\t<div class=\"slide-in-container d-inline-block w-100\"><p class=\"text-light-opacity-7  mb-0 pix-fade-in\" >US Army Su Sevkiyat\u0131 Adana- Irak\u2019a 14 farkl\u0131 Hava \u00fcss\u00fcne ( 1.680 t\u0131r)<\/p><\/div>\n\t\t<\/div>\n\t\t<\/div><\/a>[\/vc_column][\/vc_row][vc_row pix_particles_check=&#8221;&#8221;][vc_column width=&#8221;1\/2&#8243;]<a href=\"#\"  ><div class=\"item-inner pix-img-box  shadow-lg shadow-hover-sm fly-sm text-left w-100 d-inline-block animate-in  vc_custom_1652897357167 w-100 h-1002 bg-heading-default shadow2 pix-hover-item mb-32  rounded-lg position-relative overflow-hidden\"  data-anim-type=\"fade-in-up\" data-anim-delay=\"400\">\n\t\t<img decoding=\"async\" class=\"pix-bg-image pix-img-scale pix-hover-opacity-6\" src=\"https:\/\/www.kocaklogistics.com\/wp-content\/uploads\/2022\/05\/IMG_0812-2.jpg\" alt=\"\">\n\n\t\t<div class=\"pix-img-overlay pix-p-30 w-100\">\n\t\t<div class=\"slide-in-container d-inline-block \"><h2 class=\"font-weight-bold text-white pix-slide-up\" style=\"\">Ko\u00e7ak Lojistik<\/h2><\/div>\n\t\t<div class=\"slide-in-container d-inline-block w-100\"><p class=\"text-light-opacity-7  mb-0 pix-fade-in\" >ALMANYA-MUSUL ZIRHLI ARA\u00c7 TA\u015eIMASI<\/p><\/div>\n\t\t<\/div>\n\t\t<\/div><\/a>[\/vc_column][vc_column width=&#8221;1\/2&#8243;]<a href=\"#\"  ><div class=\"item-inner pix-img-box  shadow-lg shadow-hover-lg fly-sm text-left w-100 d-inline-block animate-in  vc_custom_1652897389730 w-100 h-1002 bg-heading-default shadow2 pix-hover-item mb-32  rounded-lg position-relative overflow-hidden\"  data-anim-type=\"fade-in-up\" data-anim-delay=\"400\">\n\t\t<img decoding=\"async\" class=\"pix-bg-image pix-img-scale pix-hover-opacity-6\" src=\"https:\/\/www.kocaklogistics.com\/wp-content\/uploads\/2022\/05\/MERCEDES.jpg\" alt=\"\">\n\n\t\t<div class=\"pix-img-overlay pix-p-30 w-100\">\n\t\t<div class=\"slide-in-container d-inline-block \"><h2 class=\"font-weight-bold text-white pix-slide-up\" style=\"\">Ko\u00e7ak Lojistik<\/h2><\/div>\n\t\t<div class=\"slide-in-container d-inline-block w-100\"><p class=\"text-light-opacity-7  mb-0 pix-fade-in\" >ALMANYA-MUSUL ZIRHLI ARA\u00c7 TA\u015eIMASI<\/p><\/div>\n\t\t<\/div>\n\t\t<\/div><\/a>[\/vc_column][\/vc_row][\/vc_section][vc_row pix_particles_check=&#8221;&#8221;][vc_column width=&#8221;1\/3&#8243;][vc_column_text]\r\n<ul>\r\n \t<li>\u00c7\u0130MSA \u00c7\u0130MENTO A.\u015e. \u2013 MERS\u0130N<\/li>\r\n \t<li>CAM\u0130\u015e A.\u015e. \u2013 MERS\u0130N<\/li>\r\n \t<li>SOSTMEIER GmbH\u2013 ALMANYA<\/li>\r\n \t<li>GMG TARIM LTD.\u015eT\u0130.\u2013 ADANA<\/li>\r\n \t<li>SGS MAK\u0130NA A.\u015e.\u2013 ADANA<\/li>\r\n \t<li>DAL TEKN\u0130K A.\u015e. \u2013 \u0130STANBUL<\/li>\r\n \t<li>A1 MAK\u0130NA A.\u015e. \u2013 \u0130STANBUL<\/li>\r\n \t<li>N\u0130HAYO \u0130LA\u00c7 LTD.\u015eT\u0130\u2013 ADANA<\/li>\r\n \t<li>BT GROUP \u2013 ADANA<\/li>\r\n \t<li>YILMAZLAR \u0130N\u015e. \u2013 MERS\u0130N<\/li>\r\n \t<li>EBERT ORM. \u00dcR\u00dcN. A.\u015e.\u2013 ADANA<\/li>\r\n \t<li>BIOART MED\u0130KAL A.\u015e.\u2013 ANKARA<\/li>\r\n \t<li>DAL ELEK.MOTORLARI A.\u015e.\u2013 \u0130ST.<\/li>\r\n \t<li>STONE GROUP\/IZMIR<\/li>\r\n \t<li>INOVAYIF ARGE\/ANKARA<\/li>\r\n \t<li>KARADAG ORMAN \/KOCAELI<\/li>\r\n \t<li>FAR MAKINA\/BURSA<\/li>\r\n \t<li>FILPA\/ADANA<\/li>\r\n \t<li>EKPOL OYOMOTIV\/BURSA<\/li>\r\n \t<li>RAN SINAI\/BURSA<\/li>\r\n \t<li>TAB25\/ISTANBUL<\/li>\r\n<\/ul>\r\n[\/vc_column_text][\/vc_column][vc_column width=&#8221;1\/3&#8243;][vc_column_text]\r\n<ul>\r\n \t<li>PROCTER &amp; GAMBLE \u2013 \u0130STANBUL<\/li>\r\n \t<li>B\u00dcY\u00dcKDEM\u0130R OTO.A.\u015e. \u2013 \u0130ST.<\/li>\r\n \t<li>AF OTOMOTIV \u2013 ADANA<\/li>\r\n \t<li>SERKA \u2013 ANKARA<\/li>\r\n \t<li>ADALI HOLDING \u2013 ISTANBUL<\/li>\r\n \t<li>RIYAJH GROUP \u2013 BAGDAT<\/li>\r\n \t<li>WILHELMSEN SHIPS SERVICE \u2013 UMM QASR<\/li>\r\n \t<li>KATSAN \u2013 ISTANBUL<\/li>\r\n \t<li>JAIN SULAMA \u2013 ADANA<\/li>\r\n \t<li>OASE- ISTANBUL\/ ALMANYA<\/li>\r\n \t<li>KARADEN\u0130Z HOLD\u0130NG- ISTANBUL<\/li>\r\n \t<li>SERANOVA- U\u015eAK<\/li>\r\n \t<li>PERGE STONE-ISTANBUL<\/li>\r\n \t<li>OMNIA N\u0130\u015eASTA \u2013 ADANA<\/li>\r\n \t<li>ATC GLOBAL\/ISTANBUL<\/li>\r\n \t<li>KULCA\/KAYSERI<\/li>\r\n \t<li>ATALAR MOBILYA\/ISTANBUL<\/li>\r\n \t<li>DIRIMART\/ISTANBUL<\/li>\r\n \t<li>COILS ELECTRONIC CO LTD- HONG KONG<\/li>\r\n \t<li>YK TRADING-KORE<\/li>\r\n \t<li>RAFIA INDUSTRIAL-VALENCIA<\/li>\r\n<\/ul>\r\n[\/vc_column_text][\/vc_column][vc_column width=&#8221;1\/3&#8243;][vc_column_text]\r\n<ul>\r\n \t<li>ISCAR-GEBZE<\/li>\r\n \t<li>TOROSLULAR GIDA \u2013 AYDIN<\/li>\r\n \t<li>HAFELE MOBILYA \u2013 ANKARA<\/li>\r\n \t<li>BIRLIK MAKINA \u2013 ZONGULDAK<\/li>\r\n \t<li>O\u011eUL ENERJ\u0130 \u2013 ISTANBUL<\/li>\r\n \t<li>ROTOR A\u015e. \u2013 ISTANBUL<\/li>\r\n \t<li>RENAULT- ROMANYA<\/li>\r\n \t<li>DEKAMAR- AFYON<\/li>\r\n \t<li>ALTINMARKA- ISTANBUL<\/li>\r\n \t<li>PURATOS GIDA \u2013 GEBZE<\/li>\r\n \t<li>SANKO HOLDING- GAZIANTEP<\/li>\r\n \t<li>DREGNER \u2013 SOUTH AFRICA<\/li>\r\n \t<li>SIEMENS GAMESA \u2013 SPAIN<\/li>\r\n \t<li>ANJASORA CNO. \u2013 CASTELLON\/SPAIN<\/li>\r\n \t<li>KRATOS \u2013 GRANADA\/SPAIN<\/li>\r\n \t<li>DT LOGISTICS LTD- ACHITOV\/ISRAEL<\/li>\r\n \t<li>NH DESING-ISRAEL<\/li>\r\n \t<li>ADNAN AL GHAZI-LEBANON<\/li>\r\n \t<li>ELEGANT-LEBANON<\/li>\r\n \t<li>DIGGERWORLD LTD- UMM AL-FAHM\/ISRAEL<\/li>\r\n<\/ul>\r\n[\/vc_column_text][\/vc_column][\/vc_row]","protected":false},"excerpt":{"rendered":"[vc_section full_width=&#8221;stretch_row&#8221; pix_bg_grdient=&#8221;bg-gradient-dark&#8221; fade_in_opacity=&#8221;pix-opacity-4&#8243; pix_over_visibility=&#8221;&#8221; bottom_divider_select=&#8221;dynamic&#8221; bottom_moving_divider_color=&#8221;%5B%7B%22d_color_1%22%3A%22rgba(255%2C255%2C255%2C0.25)%22%2C%22d_color_2%22%3A%22%23f8f9fa%22%7D%2C%7B%22d_color_1%22%3A%22rgba(255%2C255%2C255%2C0.5)%22%2C%22d_color_2%22%3A%22%23f8f9fa%22%7D%2C%7B%22d_color_1%22%3A%22%23ffffff%22%2C%22d_color_2%22%3A%22%23f8f9fa%22%7D%5D&#8221; css=&#8221;.vc_custom_1652902128679{padding-top: 180px !important;padding-bottom: 180px !important;}&#8221; fade_in_intro=&#8221;13915&#8243;][vc_row full_width=&#8221;stretch_row&#8221; pix_particles_check=&#8221;&#8221;][vc_column content_align=&#8221;text-center&#8221;][\/vc_column][\/vc_row][\/vc_section][vc_section full_width=&#8221;stretch_row&#8221; pix_over_visibility=&#8221;&#8221; css=&#8221;.vc_custom_1592852566040{padding-top: 80px !important;padding-bottom: 80px !important;background-color: #ffffff !important;}&#8221;][vc_row pix_particles_check=&#8221;&#8221;][vc_column width=&#8221;1\/2&#8243;][\/vc_column][vc_column width=&#8221;1\/2&#8243;][\/vc_column][\/vc_row][vc_row pix_particles_check=&#8221;&#8221;][vc_column width=&#8221;1\/2&#8243;][\/vc_column][vc_column width=&#8221;1\/2&#8243;][\/vc_column][\/vc_row][vc_row pix_particles_check=&#8221;&#8221;][vc_column width=&#8221;1\/2&#8243;][\/vc_column][vc_column width=&#8221;1\/2&#8243;][\/vc_column][\/vc_row][vc_row pix_particles_check=&#8221;&#8221;][vc_column width=&#8221;1\/2&#8243;][\/vc_column][vc_column width=&#8221;1\/2&#8243;][\/vc_column][\/vc_row][\/vc_section][vc_row pix_particles_check=&#8221;&#8221;][vc_column width=&#8221;1\/3&#8243;][vc_column_text] \u00c7\u0130MSA&#8230;","protected":false},"author":1,"featured_media":0,"parent":0,"menu_order":0,"comment_status":"closed","ping_status":"closed","template":"","meta":{"footnotes":""},"class_list":["post-13843","page","type-page","status-publish","hentry"],"_links":{"self":[{"href":"https:\/\/www.kocaklogistics.com\/tr\/wp-json\/wp\/v2\/pages\/13843","targetHints":{"allow":["GET"]}}],"collection":[{"href":"https:\/\/www.kocaklogistics.com\/tr\/wp-json\/wp\/v2\/pages"}],"about":[{"href":"https:\/\/www.kocaklogistics.com\/tr\/wp-json\/wp\/v2\/types\/page"}],"author":[{"embeddable":true,"href":"https:\/\/www.kocaklogistics.com\/tr\/wp-json\/wp\/v2\/users\/1"}],"replies":[{"embeddable":true,"href":"https:\/\/www.kocaklogistics.com\/tr\/wp-json\/wp\/v2\/comments?post=13843"}],"version-history":[{"count":35,"href":"https:\/\/www.kocaklogistics.com\/tr\/wp-json\/wp\/v2\/pages\/13843\/revisions"}],"predecessor-version":[{"id":13846,"href":"https:\/\/www.kocaklogistics.com\/tr\/wp-json\/wp\/v2\/pages\/13843\/revisions\/13846"}],"wp:attachment":[{"href":"https:\/\/www.kocaklogistics.com\/tr\/wp-json\/wp\/v2\/media?parent=13843"}],"curies":[{"name":"wp","href":"https:\/\/api.w.org\/{rel}","templated":true}]}}