{"id":14038,"date":"2022-05-19T21:40:43","date_gmt":"2022-05-19T18:40:43","guid":{"rendered":"https:\/\/www.kocaklogistics.com\/?page_id=14038"},"modified":"2022-05-23T21:49:51","modified_gmt":"2022-05-23T18:49:51","slug":"kurumsal","status":"publish","type":"page","link":"https:\/\/www.kocaklogistics.com\/tr\/kurumsal\/","title":{"rendered":"Kurumsal"},"content":{"rendered":"[vc_section full_width=&#8221;stretch_row&#8221; pix_bg_grdient=&#8221;bg-gradient-dark&#8221; fade_in_opacity=&#8221;pix-opacity-3&#8243; pix_over_visibility=&#8221;&#8221; bottom_divider_select=&#8221;dynamic&#8221; bottom_moving_divider_color=&#8221;%5B%7B%22d_color_1%22%3A%22rgba(255%2C255%2C255%2C0.25)%22%2C%22d_color_2%22%3A%22%23f8f9fa%22%7D%2C%7B%22d_color_1%22%3A%22rgba(255%2C255%2C255%2C0.5)%22%2C%22d_color_2%22%3A%22%23f8f9fa%22%7D%2C%7B%22d_color_1%22%3A%22%23ffffff%22%2C%22d_color_2%22%3A%22%23f8f9fa%22%7D%5D&#8221; css=&#8221;.vc_custom_1652890387513{padding-top: 140px !important;padding-bottom: 120px !important;background-color: #f8f9fa !important;}&#8221; fade_in_intro=&#8221;13607&#8243;][vc_row full_width=&#8221;stretch_row&#8221; pix_particles_check=&#8221;&#8221;][vc_column content_align=&#8221;text-center&#8221;]<div id=\"el1651615870557-8906aa0e-7cd9\" class=\"mb-3 text-center \"><h1 class=\"mb-32 pix-sliding-headline font-weight-bold secondary-font\" data-class=\"secondary-font text-white\" data-style=\"\">Ko\u00e7ak Lojistik<\/h1><\/div>[vc_column_text][\/vc_column_text][\/vc_column][\/vc_row][\/vc_section][vc_row pix_particles_check=&#8221;&#8221;][vc_column width=&#8221;1\/2&#8243;][vc_single_image image=&#8221;13814&#8243; img_size=&#8221;full&#8221; alignment=&#8221;center&#8221; onclick=&#8221;custom_link&#8221; img_link_target=&#8221;_blank&#8221; link=&#8221;https:\/\/www.kocaklogistics.com\/wp-content\/uploads\/2022\/05\/sertifika.pdf&#8221;][vc_row_inner][vc_column_inner width=&#8221;1\/2&#8243;][vc_single_image image=&#8221;13815&#8243; onclick=&#8221;custom_link&#8221; img_link_target=&#8221;_blank&#8221; link=&#8221;http:\/\/www.overseasprojectcargo.com\/&#8221;][\/vc_column_inner][vc_column_inner width=&#8221;1\/2&#8243;][vc_single_image image=&#8221;14066&#8243; img_size=&#8221;&#8221; onclick=&#8221;custom_link&#8221; img_link_target=&#8221;_blank&#8221; link=&#8221;https:\/\/www.mundu-network.com\/index.php\/en\/&#8221;][\/vc_column_inner][\/vc_row_inner][\/vc_column][vc_column width=&#8221;1\/2&#8243;][vc_column_text]\r\n<div><strong>\u0130lkemiz;<\/strong>\r\n\u201d\u0130yi veya k\u00f6t\u00fc olmas\u0131 fark etmeden, do\u011fru bilgiyi, do\u011fru zamanda, do\u011fru ki\u015fiye iletmektir.\u201d<\/div>\r\n<div><\/div>\r\n<strong>Misyonumuz;<\/strong>\r\n\u201d M\u00fc\u015fterilerimizin taleplerine en k\u0131sa zamanda, en uygun ve hesapl\u0131 \u00e7\u00f6z\u00fcm \u00f6nerileri sunmak, y\u00fcklemelerimizi taahh\u00fct edildi\u011fi \u015fekilde ve zamanda yap\u0131p, h\u0131zl\u0131 ve do\u011fru bilgi ak\u0131\u015f\u0131n\u0131 sa\u011flayarak, m\u00fc\u015fteri memnuniyetini en \u00fcst noktalara ta\u015f\u0131makt\u0131r.\u201d\r\n\r\n<strong>Vizyonumuz;<\/strong>\r\n\u201d Sekt\u00f6r\u00fcm\u00fcz\u00fcn ihtiyac\u0131 olan, en son teknolojileri takip ederek, sahip olup, en kaliteli hizmeti m\u00fc\u015fterilerimize sunmakt\u0131r.\u201d[\/vc_column_text][\/vc_column][\/vc_row]","protected":false},"excerpt":{"rendered":"[vc_section full_width=&#8221;stretch_row&#8221; pix_bg_grdient=&#8221;bg-gradient-dark&#8221; fade_in_opacity=&#8221;pix-opacity-3&#8243; pix_over_visibility=&#8221;&#8221; bottom_divider_select=&#8221;dynamic&#8221; bottom_moving_divider_color=&#8221;%5B%7B%22d_color_1%22%3A%22rgba(255%2C255%2C255%2C0.25)%22%2C%22d_color_2%22%3A%22%23f8f9fa%22%7D%2C%7B%22d_color_1%22%3A%22rgba(255%2C255%2C255%2C0.5)%22%2C%22d_color_2%22%3A%22%23f8f9fa%22%7D%2C%7B%22d_color_1%22%3A%22%23ffffff%22%2C%22d_color_2%22%3A%22%23f8f9fa%22%7D%5D&#8221; css=&#8221;.vc_custom_1652890387513{padding-top: 140px !important;padding-bottom: 120px !important;background-color: #f8f9fa !important;}&#8221; fade_in_intro=&#8221;13607&#8243;][vc_row full_width=&#8221;stretch_row&#8221; pix_particles_check=&#8221;&#8221;][vc_column content_align=&#8221;text-center&#8221;][vc_column_text][\/vc_column_text][\/vc_column][\/vc_row][\/vc_section][vc_row pix_particles_check=&#8221;&#8221;][vc_column width=&#8221;1\/2&#8243;][vc_single_image image=&#8221;13814&#8243; img_size=&#8221;full&#8221; alignment=&#8221;center&#8221; onclick=&#8221;custom_link&#8221; img_link_target=&#8221;_blank&#8221; link=&#8221;https:\/\/www.kocaklogistics.com\/wp-content\/uploads\/2022\/05\/sertifika.pdf&#8221;][vc_row_inner][vc_column_inner width=&#8221;1\/2&#8243;][vc_single_image image=&#8221;13815&#8243; onclick=&#8221;custom_link&#8221; img_link_target=&#8221;_blank&#8221; link=&#8221;http:\/\/www.overseasprojectcargo.com\/&#8221;][\/vc_column_inner][vc_column_inner width=&#8221;1\/2&#8243;][vc_single_image image=&#8221;14066&#8243; img_size=&#8221;&#8221; onclick=&#8221;custom_link&#8221; img_link_target=&#8221;_blank&#8221; link=&#8221;https:\/\/www.mundu-network.com\/index.php\/en\/&#8221;][\/vc_column_inner][\/vc_row_inner][\/vc_column][vc_column width=&#8221;1\/2&#8243;][vc_column_text] \u0130lkemiz; \u201d\u0130yi&#8230;","protected":false},"author":1,"featured_media":0,"parent":0,"menu_order":0,"comment_status":"closed","ping_status":"closed","template":"","meta":{"footnotes":""},"class_list":["post-14038","page","type-page","status-publish","hentry"],"_links":{"self":[{"href":"https:\/\/www.kocaklogistics.com\/tr\/wp-json\/wp\/v2\/pages\/14038","targetHints":{"allow":["GET"]}}],"collection":[{"href":"https:\/\/www.kocaklogistics.com\/tr\/wp-json\/wp\/v2\/pages"}],"about":[{"href":"https:\/\/www.kocaklogistics.com\/tr\/wp-json\/wp\/v2\/types\/page"}],"author":[{"embeddable":true,"href":"https:\/\/www.kocaklogistics.com\/tr\/wp-json\/wp\/v2\/users\/1"}],"replies":[{"embeddable":true,"href":"https:\/\/www.kocaklogistics.com\/tr\/wp-json\/wp\/v2\/comments?post=14038"}],"version-history":[{"count":5,"href":"https:\/\/www.kocaklogistics.com\/tr\/wp-json\/wp\/v2\/pages\/14038\/revisions"}],"predecessor-version":[{"id":14105,"href":"https:\/\/www.kocaklogistics.com\/tr\/wp-json\/wp\/v2\/pages\/14038\/revisions\/14105"}],"wp:attachment":[{"href":"https:\/\/www.kocaklogistics.com\/tr\/wp-json\/wp\/v2\/media?parent=14038"}],"curies":[{"name":"wp","href":"https:\/\/api.w.org\/{rel}","templated":true}]}}