{"id":4,"date":"2020-06-03T21:51:02","date_gmt":"2020-06-03T18:51:02","guid":{"rendered":"https:\/\/essentials.pixfort.com\/corporate\/?page_id=4"},"modified":"2025-12-02T10:04:21","modified_gmt":"2025-12-02T07:04:21","slug":"homepage","status":"publish","type":"page","link":"https:\/\/www.kocaklogistics.com\/tr\/","title":{"rendered":"Anasayfa"},"content":{"rendered":"[vc_section full_width=&#8221;stretch_row&#8221; fade_in_opacity=&#8221;pix-opacity-5&#8243; pix_over_visibility=&#8221;&#8221; bottom_divider_select=&#8221;dynamic&#8221; bottom_moving_divider_color=&#8221;%5B%7B%22d_color_1%22%3A%22rgba(30%2C115%2C190%2C0.76)%22%2C%22d_color_2%22%3A%22%23f8f9fa%22%7D%2C%7B%22d_color_1%22%3A%22rgba(255%2C255%2C255%2C0.5)%22%2C%22d_color_2%22%3A%22%23f8f9fa%22%7D%2C%7B%22d_color_1%22%3A%22%23ffffff%22%2C%22d_color_2%22%3A%22%23f8f9fa%22%7D%5D&#8221; pix_overlay_color=&#8221;dark-opacity-9&#8243; css=&#8221;.vc_custom_1764659047826{padding-top: 200px !important;padding-bottom: 460px !important;background-color: #f8f9fa !important;}&#8221; fade_in_intro=&#8221;13793&#8243; pix_overlay_opacity=&#8221;0.85&#8243;][vc_row full_width=&#8221;stretch_row&#8221; pix_particles_check=&#8221;&#8221;][vc_column]<div id=\"sliding-text-39764221\" class=\"mb-3 text-left  vc_custom_1653291967761\"><div class=\"d-inline-block\" style=\"max-width:800px;\"><h1 class=\"mb-32 pix-sliding-headline font-weight-bold secondary-font\" data-class=\"secondary-font text-white\" data-style=\"\">Ko\u00e7ak Lojistik<\/h1><\/div><\/div>[vc_column_text][\/vc_column_text]<a  href=\"\/referanslar\" class=\"btn mb-2     shadow-sm btn-orange d-inline-block pix-hover-item       animate-in btn-md\"   data-anim-type=\"fade-in-left\" data-anim-delay=\"600\" ><i class=\"font-weight-bold pixicon-plane-takingoff-3  pix-hover-left  mr-1\"><\/i> <span class=\"font-weight-bold \" >Referanslar\u0131m\u0131z<\/span><\/a><a  href=\"\/iletisim\" class=\"btn mb-2     btn-underline-white d-inline-block pix-hover-item     secondary-font  animate-in btn-md\"   data-anim-type=\"fade-in-up\" data-anim-delay=\"400\" ><i class=\"font-weight-bold pixicon-whatsapp  pix-hover-left  mr-1\"><\/i> <span class=\"font-weight-bold \" >\u0130leti\u015fime ge\u00e7in<\/span><\/a>[\/vc_column][\/vc_row][\/vc_section][vc_row pix_particles_check=&#8221;&#8221;][vc_column]<div  class=\"pix-heading-el text-center \"><div><div class=\"slide-in-container\"><h2 class=\"text-heading-default font-weight-bold heading-text el-title_custom_color mb-12\" style=\"\" data-anim-type=\"\" data-anim-delay=\"0\">Uluslararas\u0131 Ta\u015f\u0131mac\u0131l\u0131k<\/h2><\/div><\/div><\/div>[vc_column_text css=&#8221;.vc_custom_1652884112756{margin-top: 30px !important;}&#8221;]Ko\u00e7ak Lojistik Hizmetleri Ltd.\u015eti. Sizlere, Kara-Hava-Deniz ve Proje ta\u015f\u0131malar\u0131n\u0131zda, profesyonel ekibi ile hizmet sunmaktad\u0131r. 100\u2032\u00fc a\u015fk\u0131n \u00fclkedeki acente a\u011f\u0131 ile yurti\u00e7i- yurtd\u0131\u015f\u0131 g\u00fcmr\u00fckleme, depolama, adresten adrese teslim, JIT( Just in Time),Tedarik Zinciri Y\u00f6netimi alanlar\u0131nda da faaliyet g\u00f6steren \u015firketimiz, her t\u00fcrl\u00fc Lojistik ihtiya\u00e7lar\u0131n\u0131zda bir telefon uzakl\u0131\u011f\u0131nda\u2026[\/vc_column_text][\/vc_column][\/vc_row][vc_section full_width=&#8221;stretch_row&#8221; pix_over_visibility=&#8221;&#8221; pix_overlay_color=&#8221;dark-opacity-7&#8243; css=&#8221;.vc_custom_1652884374881{padding-top: 100px !important;padding-bottom: 100px !important;background-image: url(https:\/\/www.kocaklogistics.com\/wp-content\/uploads\/2022\/05\/kocak-slide.jpg?id=13804) !important;background-position: center !important;background-repeat: no-repeat !important;background-size: cover !important;}&#8221; el_id=&#8221;pix_section_services&#8221;][vc_row equal_height=&#8221;yes&#8221; pix_particles_check=&#8221;&#8221;][vc_column width=&#8221;1\/3&#8243;]<div class=\"pix-content-box card      vc_custom_1592136281935    rounded-xl shadow-sm shadow-hover-sm fly-sm animate-in bg- w-100  \"  data-anim-type=\"fade-in-up\" data-anim-delay=\"200\"><div class=\"\" style=\"z-index:30;position:relative;\"><div id=\"1651654710339-678985cf-89f1\" class=\"pix-feature-el text-left \"><div class=\"font-weight-bold  secondary-font text-white animate-in\" style=\"padding-top:5px;font-size:20px;\" data-anim-type=\"fade-in-up\" data-anim-delay=\"500\">Hava Yolu Ta\u015f\u0131mac\u0131l\u0131\u011f\u0131<\/div><div class=\"text-text-gray      animate-in\" style=\"padding-top:5px;\" data-anim-type=\"fade-in-up\" data-anim-delay=\"600\"><\/div><\/div><\/div><\/div><div class=\"pix-content-box card      vc_custom_1592136281935    rounded-xl shadow-sm shadow-hover-sm fly-sm animate-in bg- w-100  \"  data-anim-type=\"fade-in-up\" data-anim-delay=\"200\"><div class=\"\" style=\"z-index:30;position:relative;\"><div id=\"1651654710419-0cf2d8f1-bc3c\" class=\"pix-feature-el text-left \"><div class=\"font-weight-bold  secondary-font text-white animate-in\" style=\"padding-top:5px;font-size:20px;\" data-anim-type=\"fade-in-up\" data-anim-delay=\"500\">Deniz Yolu Ta\u015f\u0131mac\u0131l\u0131\u011f\u0131<\/div><div class=\"text-text-gray      animate-in\" style=\"padding-top:5px;\" data-anim-type=\"fade-in-up\" data-anim-delay=\"600\"><\/div><\/div><\/div><\/div>[\/vc_column][vc_column width=&#8221;1\/3&#8243;]<div class=\"pix-content-box card      vc_custom_1592136281935    rounded-xl shadow-sm shadow-hover-sm fly-sm animate-in bg- w-100  \"  data-anim-type=\"fade-in-up\" data-anim-delay=\"200\"><div class=\"\" style=\"z-index:30;position:relative;\"><div id=\"1651654710526-70655612-59aa\" class=\"pix-feature-el text-left \"><div class=\"font-weight-bold  secondary-font text-white animate-in\" style=\"padding-top:5px;font-size:20px;\" data-anim-type=\"fade-in-up\" data-anim-delay=\"500\">Kara Yolu Ta\u015f\u0131mac\u0131l\u0131\u011f\u0131<\/div><div class=\"text-text-gray      animate-in\" style=\"padding-top:5px;\" data-anim-type=\"fade-in-up\" data-anim-delay=\"600\"><\/div><\/div><\/div><\/div><div class=\"pix-content-box card      vc_custom_1592136281935    rounded-xl shadow-sm shadow-hover-sm fly-sm animate-in bg- w-100  \"  data-anim-type=\"fade-in-up\" data-anim-delay=\"200\"><div class=\"\" style=\"z-index:30;position:relative;\"><div id=\"1651654710592-421d39a7-343f\" class=\"pix-feature-el text-left \"><div class=\"font-weight-bold  secondary-font text-white animate-in\" style=\"padding-top:5px;font-size:20px;\" data-anim-type=\"fade-in-up\" data-anim-delay=\"500\">Proje Ta\u015f\u0131mac\u0131l\u0131\u011f\u0131<\/div><div class=\"text-text-gray      animate-in\" style=\"padding-top:5px;\" data-anim-type=\"fade-in-up\" data-anim-delay=\"600\"><\/div><\/div><\/div><\/div>[\/vc_column][vc_column width=&#8221;1\/3&#8243;]<div class=\"pix-content-box card   sticky-top pix-sticky-top-adjust   vc_custom_1601332922822    rounded-lg bg- w-100  \"   ><div class=\"\" style=\"z-index:30;position:relative;\"><div  class=\"pix-heading-el text-left \"><div><div class=\"slide-in-container\"><h3 class=\"text-white font-weight-bold animate-in heading-text el-title_custom_color mb-12\" style=\"\" data-anim-type=\"fade-in-up\" data-anim-delay=\"200\">Ko\u00e7ak Lojistik<\/h3><\/div><\/div><\/div><div class=\"pix-el-text w-100   vc_custom_1653292065325\" ><p class=\"  text-light-opacity-5  \" ><span class=\"animate-in d-inline-block\" data-anim-delay=\"600\" data-anim-type=\"fade-in-up\"><\/span><\/p><\/div><a  href=\"\/iletisim\" class=\"btn mb-2     shadow-lg shadow-hover-lg text-white btn-gradient-primary btn-flat d-inline-block pix-hover-item       animate-in btn-md\"   data-anim-type=\"fade-in-up\" data-anim-delay=\"800\" ><span class=\"font-weight-bold \" >\u0130leti\u015fime ge\u00e7<\/span> <i class=\"font-weight-bold pixicon-angle-right  pix-hover-right  ml-1\"><\/i><\/a><\/div><\/div>[\/vc_column][\/vc_row][\/vc_section][vc_section full_width=&#8221;stretch_row&#8221; pix_over_visibility=&#8221;&#8221; css=&#8221;.vc_custom_1653337221024{background-color: #f8f9fa !important;}&#8221;][vc_row pix_particles_check=&#8221;&#8221;][vc_column][vc_raw_html]JTNDdmlkZW8lMjBzcmMlM0QlMjJodHRwcyUzQSUyRiUyRnd3dy5rb2Nha2xvZ2lzdGljcy5jb20lMkZrb2Nhay5tcDQlMjIlMjBjb250cm9scyUzRCUyMmNvbnRyb2xzJTIyJTIwd2lkdGglM0QlMjIxMDAlMjUlMjIlMjBoZWlnaHQlM0QlMjI3ODAlMjIlMjBhdXRvcGxheSUyMG11dGVkJTNFJTNDJTJGdmlkZW8lM0U=[\/vc_raw_html][\/vc_column][\/vc_row][\/vc_section]","protected":false},"excerpt":{"rendered":"[vc_section full_width=&#8221;stretch_row&#8221; fade_in_opacity=&#8221;pix-opacity-5&#8243; pix_over_visibility=&#8221;&#8221; bottom_divider_select=&#8221;dynamic&#8221; bottom_moving_divider_color=&#8221;%5B%7B%22d_color_1%22%3A%22rgba(30%2C115%2C190%2C0.76)%22%2C%22d_color_2%22%3A%22%23f8f9fa%22%7D%2C%7B%22d_color_1%22%3A%22rgba(255%2C255%2C255%2C0.5)%22%2C%22d_color_2%22%3A%22%23f8f9fa%22%7D%2C%7B%22d_color_1%22%3A%22%23ffffff%22%2C%22d_color_2%22%3A%22%23f8f9fa%22%7D%5D&#8221; pix_overlay_color=&#8221;dark-opacity-9&#8243; css=&#8221;.vc_custom_1764659047826{padding-top: 200px !important;padding-bottom: 460px !important;background-color: #f8f9fa !important;}&#8221; fade_in_intro=&#8221;13793&#8243; pix_overlay_opacity=&#8221;0.85&#8243;][vc_row full_width=&#8221;stretch_row&#8221; pix_particles_check=&#8221;&#8221;][vc_column][vc_column_text][\/vc_column_text][\/vc_column][\/vc_row][\/vc_section][vc_row pix_particles_check=&#8221;&#8221;][vc_column][vc_column_text css=&#8221;.vc_custom_1652884112756{margin-top: 30px !important;}&#8221;]Ko\u00e7ak Lojistik Hizmetleri Ltd.\u015eti. Sizlere, Kara-Hava-Deniz ve Proje ta\u015f\u0131malar\u0131n\u0131zda, profesyonel ekibi ile hizmet sunmaktad\u0131r. 100\u2032\u00fc a\u015fk\u0131n \u00fclkedeki acente a\u011f\u0131&#8230;","protected":false},"author":1,"featured_media":0,"parent":0,"menu_order":0,"comment_status":"closed","ping_status":"closed","template":"","meta":{"footnotes":""},"class_list":["post-4","page","type-page","status-publish","hentry"],"_links":{"self":[{"href":"https:\/\/www.kocaklogistics.com\/tr\/wp-json\/wp\/v2\/pages\/4","targetHints":{"allow":["GET"]}}],"collection":[{"href":"https:\/\/www.kocaklogistics.com\/tr\/wp-json\/wp\/v2\/pages"}],"about":[{"href":"https:\/\/www.kocaklogistics.com\/tr\/wp-json\/wp\/v2\/types\/page"}],"author":[{"embeddable":true,"href":"https:\/\/www.kocaklogistics.com\/tr\/wp-json\/wp\/v2\/users\/1"}],"replies":[{"embeddable":true,"href":"https:\/\/www.kocaklogistics.com\/tr\/wp-json\/wp\/v2\/comments?post=4"}],"version-history":[{"count":25,"href":"https:\/\/www.kocaklogistics.com\/tr\/wp-json\/wp\/v2\/pages\/4\/revisions"}],"predecessor-version":[{"id":14169,"href":"https:\/\/www.kocaklogistics.com\/tr\/wp-json\/wp\/v2\/pages\/4\/revisions\/14169"}],"wp:attachment":[{"href":"https:\/\/www.kocaklogistics.com\/tr\/wp-json\/wp\/v2\/media?parent=4"}],"curies":[{"name":"wp","href":"https:\/\/api.w.org\/{rel}","templated":true}]}}